{"id":108,"date":"2020-02-17T10:48:45","date_gmt":"2020-02-17T09:48:45","guid":{"rendered":"http:\/\/affordanse.fr\/?page_id=108"},"modified":"2023-04-19T14:15:53","modified_gmt":"2023-04-19T12:15:53","slug":"association-affordanse","status":"publish","type":"page","link":"https:\/\/affordanse.fr\/index.php\/association-affordanse\/","title":{"rendered":"L&rsquo;association Affordanse"},"content":{"rendered":"<div data-colibri-id=\"108-c1\" class=\"style-230 style-local-108-c1 position-relative\">\r\n  <!---->\r\n  <div data-colibri-component=\"section\" data-colibri-id=\"108-c2\" id=\"custom\" class=\"h-section h-section-global-spacing d-flex align-items-lg-center align-items-md-center align-items-center style-231 style-local-108-c2 position-relative\">\r\n    <!---->\r\n    <!---->\r\n    <div class=\"h-section-grid-container h-section-boxed-container\">\r\n      <!---->\r\n      <div data-colibri-id=\"108-c3\" class=\"h-row-container gutters-row-lg-2 gutters-row-md-2 gutters-row-0 gutters-row-v-lg-2 gutters-row-v-md-2 gutters-row-v-2 style-450 style-local-108-c3 position-relative\">\r\n        <!---->\r\n        <div class=\"h-row justify-content-lg-center justify-content-md-center justify-content-center align-items-lg-stretch align-items-md-stretch align-items-stretch gutters-col-lg-2 gutters-col-md-2 gutters-col-0 gutters-col-v-lg-2 gutters-col-v-md-2 gutters-col-v-2\">\r\n          <!---->\r\n          <div class=\"h-column h-column-container d-flex h-col-lg-auto h-col-md-auto h-col-auto style-451-outer style-local-108-c4-outer\">\r\n            <div data-colibri-id=\"108-c4\" class=\"d-flex h-flex-basis h-column__inner h-px-lg-2 h-px-md-2 h-px-2 v-inner-lg-2 v-inner-md-2 v-inner-2 style-451 style-local-108-c4 position-relative\">\r\n              <!---->\r\n              <!---->\r\n              <div class=\"w-100 h-y-container h-column__content h-column__v-align flex-basis-100 align-self-lg-start align-self-md-start align-self-start\">\r\n                <!---->\r\n                <div data-colibri-id=\"108-c5\" class=\"d-block style-448 style-local-108-c5 position-relative h-element\">\r\n                  <!---->\r\n                  <div class=\"h-image__frame-container-outer\">\r\n                    <div class=\"h-image__frame-container\">\r\n                      <!---->\r\n                      <!---->\r\n                      <img decoding=\"async\" loading=\"lazy\" width=\"800\" height=\"194\" src=\"http:\/\/affordanse.fr\/wp-content\/uploads\/2020\/02\/cropped-Bruxelles-2018.jpg\" class=\"wp-image-789 style-448-image style-local-108-c5-image\" srcset=\"https:\/\/affordanse.fr\/wp-content\/uploads\/2020\/02\/cropped-Bruxelles-2018.jpg 800w, https:\/\/affordanse.fr\/wp-content\/uploads\/2020\/02\/cropped-Bruxelles-2018-300x73.jpg 300w, https:\/\/affordanse.fr\/wp-content\/uploads\/2020\/02\/cropped-Bruxelles-2018-768x186.jpg 768w\" sizes=\"(max-width: 800px) 100vw, 800px\" alt=\"\" \/>\r\n                      <div class=\"h-image__frame h-hide-lg h-hide-md h-hide-sm style-448-frameImage style-local-108-c5-frameImage\"><\/div>\r\n                    <\/div>\r\n                  <\/div>\r\n                <\/div>\r\n              <\/div>\r\n            <\/div>\r\n          <\/div>\r\n        <\/div>\r\n      <\/div>\r\n      <div data-colibri-id=\"108-c6\" class=\"h-row-container gutters-row-lg-2 gutters-row-md-2 gutters-row-0 gutters-row-v-lg-2 gutters-row-v-md-2 gutters-row-v-2 style-232 style-local-108-c6 position-relative\">\r\n        <!---->\r\n        <div class=\"h-row justify-content-lg-center justify-content-md-center justify-content-center align-items-lg-stretch align-items-md-stretch align-items-stretch gutters-col-lg-2 gutters-col-md-2 gutters-col-0 gutters-col-v-lg-2 gutters-col-v-md-2 gutters-col-v-2\">\r\n          <!---->\r\n          <div class=\"h-column h-column-container d-flex h-col-lg-auto h-col-md-auto h-col-auto style-233-outer style-local-108-c7-outer\">\r\n            <div data-colibri-id=\"108-c7\" class=\"d-flex h-flex-basis h-column__inner h-px-lg-2 h-px-md-2 h-px-2 v-inner-lg-2 v-inner-md-2 v-inner-2 style-233 style-local-108-c7 position-relative\">\r\n              <!---->\r\n              <!---->\r\n              <div class=\"w-100 h-y-container h-column__content h-column__v-align flex-basis-100 align-self-lg-start align-self-md-start align-self-start\">\r\n                <!---->\r\n                <div data-colibri-id=\"108-c8\" class=\"h-global-transition-all h-heading style-458 style-local-108-c8 position-relative h-element\">\r\n                  <!---->\r\n                  <!---->\r\n                  <h2 class=\"\">Une association de reconstitution des danses historiques<\/h2>\r\n                <\/div>\r\n                <div data-colibri-id=\"108-c9\" class=\"h-text h-text-component style-234 style-local-108-c9 position-relative h-element\">\r\n                  <!---->\r\n                  <!---->\r\n                  <div class=\"\">\r\n                    <p>Affordanse est une association de reconstitution des danses historiques bas\u00e9e dans le nord de la France, \u00e0 Hazebrouck.<\/p>\r\n                    <p>Sp\u00e9cialis\u00e9s dans la deuxi\u00e8me moiti\u00e9 du XIXe si\u00e8cle et le d\u00e9but du XXe si\u00e8cle, nous faisons revivre au travers de bals et de stages, les danses en vogue dans les salons europ\u00e9ens de cette \u00e9poque. <\/p>\r\n                    <p>De la musique \u00e0 la mode vestimentaire en passant par le lieu et l&rsquo;\u00e9tiquette, nous attachons une grande importance \u00e0 chaque p\u00e9riode, et t\u00e2chons de faire revivre ce pass\u00e9 dansant, joyeux et \u00e9l\u00e9gant, sans l&rsquo;enfermer dans une image vieillissante.<\/p>\r\n                    <p>Valse, Polka, Mazurka, Quadrille, Ragtime, etc, le r\u00e9pertoire est vaste et d&rsquo;une incroyable richesse. <\/p>\r\n                    <p>Affordanse travaille avec de nombreux groupes reconstitution historique en France, Belgique, Allemagne et Russie, et s&rsquo;inscrit dans la volont\u00e9 de transmettre ce patrimoine historique dansant sans fronti\u00e8res ni tabous<\/p>\r\n                    <p>\r\n                      <br>\r\n                    <\/p>\r\n                  <\/div>\r\n                <\/div>\r\n              <\/div>\r\n            <\/div>\r\n          <\/div>\r\n          <div class=\"h-column h-column-container d-flex h-col-lg-auto h-col-md-auto h-col-auto style-449-outer style-local-108-c10-outer\">\r\n            <div data-colibri-id=\"108-c10\" class=\"d-flex h-flex-basis h-column__inner h-px-lg-2 h-px-md-2 h-px-2 v-inner-lg-2 v-inner-md-2 v-inner-2 style-449 style-local-108-c10 position-relative\">\r\n              <!---->\r\n              <!---->\r\n              <div class=\"w-100 h-y-container h-column__content h-column__v-align flex-basis-100 align-self-lg-start align-self-md-start align-self-start\">\r\n                <!---->\r\n                <div data-colibri-id=\"108-c11\" class=\"h-text h-text-component style-452 style-local-108-c11 position-relative h-element\">\r\n                  <!---->\r\n                  <!---->\r\n                  <div class=\"\">\r\n                    <div id=\"metaslider-id-747\" style=\"width: 100%;\" class=\"ml-slider-3-31-0 metaslider metaslider-flex metaslider-747 ml-slider ms-theme-default\">\n    <div id=\"metaslider_container_747\">\n        <div id=\"metaslider_747\">\n            <ul aria-live=\"polite\" class=\"slides\">\n                <li style=\"display: none; width: 100%;\" class=\"slide-773 ms-image\"><img src=\"https:\/\/affordanse.fr\/wp-content\/uploads\/2020\/02\/Bal-Orientalisme_Affordanse_2018.jpg\" height=\"600\" width=\"800\" alt=\"\" class=\"slider-747 slide-773\" title=\"Bal Orientalisme_Affordanse_2018\" \/><\/li>\n                <li style=\"display: none; width: 100%;\" class=\"slide-774 ms-image\"><img src=\"https:\/\/affordanse.fr\/wp-content\/uploads\/2020\/02\/Bruxelles-2018.jpg\" height=\"600\" width=\"800\" alt=\"\" class=\"slider-747 slide-774\" title=\"Bruxelles-2018\" \/><\/li>\n                <li style=\"display: none; width: 100%;\" class=\"slide-780 ms-image\"><img src=\"https:\/\/affordanse.fr\/wp-content\/uploads\/2020\/02\/versailles-2020.jpg\" height=\"600\" width=\"800\" alt=\"\" class=\"slider-747 slide-780\" title=\"versailles 2020\" \/><\/li>\n                <li style=\"display: none; width: 100%;\" class=\"slide-772 ms-image\"><img src=\"https:\/\/affordanse.fr\/wp-content\/uploads\/2020\/02\/Bal-des-inventions-2014.jpg\" height=\"600\" width=\"800\" alt=\"\" class=\"slider-747 slide-772\" title=\"Bal des inventions 2014\" \/><\/li>\n                <li style=\"display: none; width: 100%;\" class=\"slide-775 ms-image\"><img src=\"https:\/\/affordanse.fr\/wp-content\/uploads\/2020\/02\/Dresde-2012.jpg\" height=\"600\" width=\"800\" alt=\"\" class=\"slider-747 slide-775\" title=\"Dresde 2012\" \/><\/li>\n                <li style=\"display: none; width: 100%;\" class=\"slide-776 ms-image\"><img src=\"https:\/\/affordanse.fr\/wp-content\/uploads\/2020\/02\/Ecosse-2014.jpg\" height=\"600\" width=\"800\" alt=\"\" class=\"slider-747 slide-776\" title=\"Ecosse 2014\" \/><\/li>\n                <li style=\"display: none; width: 100%;\" class=\"slide-777 ms-image\"><img src=\"https:\/\/affordanse.fr\/wp-content\/uploads\/2020\/02\/Moscou-2019.jpg\" height=\"600\" width=\"800\" alt=\"\" class=\"slider-747 slide-777\" title=\"Moscou-2019\" \/><\/li>\n                <li style=\"display: none; width: 100%;\" class=\"slide-778 ms-image\"><img src=\"https:\/\/affordanse.fr\/wp-content\/uploads\/2020\/02\/Nos-mus\u00e9es-ont-du-go\u00fbt-2019-800x600.jpg\" height=\"600\" width=\"800\" alt=\"\" class=\"slider-747 slide-778\" title=\"Nos mus\u00e9es ont du go\u00fbt 2019\" \/><\/li>\n                <li style=\"display: none; width: 100%;\" class=\"slide-779 ms-image\"><img src=\"https:\/\/affordanse.fr\/wp-content\/uploads\/2020\/02\/Roncq-2011.jpg\" height=\"600\" width=\"800\" alt=\"\" class=\"slider-747 slide-779\" title=\"Roncq-2011\" \/><\/li>\n            <\/ul>\n        <\/div>\n        \n    <\/div>\n<\/div>\r\n                  <\/div>\r\n                <\/div>\r\n                <div data-colibri-id=\"108-c12\" class=\"h-global-transition-all h-heading style-457 style-local-108-c12 position-relative h-element\">\r\n                  <!---->\r\n                  <!---->\r\n                  <h2 class=\"\">Pourquoi Affordanse ?<\/h2>\r\n                <\/div>\r\n                <div data-colibri-id=\"108-c13\" class=\"h-text h-text-component style-453 style-local-108-c13 position-relative h-element\">\r\n                  <!---->\r\n                  <!---->\r\n                  <div class=\"\">\r\n                    <p><em style=\"color: rgb(128, 128, 128); font-size: 12pt;\">Pourquoi \u00ab\u00a0Affordanse\u00a0\u00bb? Affordanse est un n\u00e9ologisme calqu\u00e9 sur le terme am\u00e9ricain \u00ab\u00a0affordance\u00a0\u00bb.<\/em><span style=\"color: rgb(128, 128, 128); font-size: 12pt;\">&nbsp;<\/span><\/p>\r\n                    <p><em style=\"color: rgb(128, 128, 128); font-size: 12pt;\">L&rsquo;affordance d\u00e9fini la capacit\u00e9 d&rsquo;un objet \u00e0 sugg\u00e9rer sa propre utilisation.<\/em><span style=\"color: rgb(128, 128, 128); font-size: 12pt;\">&nbsp;<\/span><em style=\"color: rgb(128, 128, 128); font-size: 12pt;\">Le terme est utilis\u00e9 dans diff\u00e9rents domaines : documentation, psychologie, design&#8230;<\/em>\r\n                      <span\r\n                        style=\"color: rgb(128, 128, 128); font-size: 12pt;\">&nbsp;<\/span>\r\n                    <\/p>\r\n                    <p><em style=\"color: rgb(128, 128, 128); font-size: 12pt;\">Mais Affordanse ? C&rsquo;est la capacit\u00e9 d&rsquo;un Homme \u00e0 sugg\u00e9rer qu&rsquo;il est un danseur, parce qu&rsquo;il danse<\/em><\/p>\r\n                    <p>\r\n                      <br>\r\n                    <\/p>\r\n                  <\/div>\r\n                <\/div>\r\n              <\/div>\r\n            <\/div>\r\n          <\/div>\r\n        <\/div>\r\n      <\/div>\r\n      <div data-colibri-id=\"108-c14\" class=\"h-row-container gutters-row-lg-2 gutters-row-md-2 gutters-row-0 gutters-row-v-lg-2 gutters-row-v-md-2 gutters-row-v-2 style-454 style-local-108-c14 position-relative\">\r\n        <!---->\r\n        <div class=\"h-row justify-content-lg-center justify-content-md-center justify-content-center align-items-lg-stretch align-items-md-stretch align-items-stretch gutters-col-lg-2 gutters-col-md-2 gutters-col-0 gutters-col-v-lg-2 gutters-col-v-md-2 gutters-col-v-2\">\r\n          <!---->\r\n          <div class=\"h-column h-column-container d-flex h-col-lg-auto h-col-md-auto h-col-auto style-455-outer style-local-108-c15-outer\">\r\n            <div data-colibri-id=\"108-c15\" class=\"d-flex h-flex-basis h-column__inner h-px-lg-2 h-px-md-2 h-px-2 v-inner-lg-2 v-inner-md-2 v-inner-2 style-455 style-local-108-c15 position-relative\">\r\n              <!---->\r\n              <!---->\r\n              <div class=\"w-100 h-y-container h-column__content h-column__v-align flex-basis-100 align-self-lg-start align-self-md-start align-self-start\">\r\n                <!---->\r\n                <div data-colibri-id=\"108-c16\" class=\"h-text h-text-component style-456 style-local-108-c16 position-relative h-element\">\r\n                  <!---->\r\n                  <!---->\r\n                  <div class=\"\">\r\n                    <p><span style=\"font-weight: 400; font-size: 16px; font-family: &quot;Open Sans&quot;; color: rgb(70, 112, 127);\">Affordanse, est une association loi 1901, \u00e0 but non lucratif,&nbsp;n\u00e9e en 2009 de l&rsquo;envie de partager le plaisir d&rsquo;apprendre et de pratiquer les danses de couple du XIXe et du d\u00e9but XXe si\u00e8cle<\/span><\/p>\r\n                  <\/div>\r\n                <\/div>\r\n              <\/div>\r\n            <\/div>\r\n          <\/div>\r\n        <\/div>\r\n      <\/div>\r\n    <\/div>\r\n  <\/div>\r\n<\/div>","protected":false},"excerpt":{"rendered":"<p>Une association de reconstitution des danses historiques Affordanse est une association de reconstitution des danses historiques bas\u00e9e dans le nord de la France, \u00e0 Hazebrouck. Sp\u00e9cialis\u00e9s dans la deuxi\u00e8me moiti\u00e9 du XIXe si\u00e8cle et le d\u00e9but du XXe si\u00e8cle, nous faisons revivre au travers de bals et de stages, les danses en vogue dans les [&hellip;]<\/p>\n","protected":false},"author":1,"featured_media":0,"parent":0,"menu_order":0,"comment_status":"closed","ping_status":"closed","template":"page-templates\/full-width-page.php","meta":{"ngg_post_thumbnail":0},"yoast_head":"<!-- This site is optimized with the Yoast SEO plugin v20.3 - https:\/\/yoast.com\/wordpress\/plugins\/seo\/ -->\n<title>L&#039;association Affordanse - Affordanse<\/title>\n<meta name=\"robots\" content=\"index, follow, max-snippet:-1, max-image-preview:large, max-video-preview:-1\" \/>\n<link rel=\"canonical\" href=\"https:\/\/affordanse.fr\/index.php\/association-affordanse\/\" \/>\n<meta property=\"og:locale\" content=\"fr_FR\" \/>\n<meta property=\"og:type\" content=\"article\" \/>\n<meta property=\"og:title\" content=\"L&#039;association Affordanse - Affordanse\" \/>\n<meta property=\"og:description\" content=\"Une association de reconstitution des danses historiques Affordanse est une association de reconstitution des danses historiques bas\u00e9e dans le nord de la France, \u00e0 Hazebrouck. Sp\u00e9cialis\u00e9s dans la deuxi\u00e8me moiti\u00e9 du XIXe si\u00e8cle et le d\u00e9but du XXe si\u00e8cle, nous faisons revivre au travers de bals et de stages, les danses en vogue dans les [&hellip;]\" \/>\n<meta property=\"og:url\" content=\"https:\/\/affordanse.fr\/index.php\/association-affordanse\/\" \/>\n<meta property=\"og:site_name\" content=\"Affordanse\" \/>\n<meta property=\"article:modified_time\" content=\"2023-04-19T12:15:53+00:00\" \/>\n<meta property=\"og:image\" content=\"http:\/\/affordanse.fr\/wp-content\/uploads\/2020\/02\/cropped-Bruxelles-2018.jpg\" \/>\n<meta name=\"twitter:card\" content=\"summary_large_image\" \/>\n<meta name=\"twitter:label1\" content=\"Dur\u00e9e de lecture estim\u00e9e\" \/>\n\t<meta name=\"twitter:data1\" content=\"1 minute\" \/>\n<script type=\"application\/ld+json\" class=\"yoast-schema-graph\">{\"@context\":\"https:\/\/schema.org\",\"@graph\":[{\"@type\":\"WebPage\",\"@id\":\"https:\/\/affordanse.fr\/index.php\/association-affordanse\/\",\"url\":\"https:\/\/affordanse.fr\/index.php\/association-affordanse\/\",\"name\":\"L'association Affordanse - Affordanse\",\"isPartOf\":{\"@id\":\"https:\/\/affordanse.fr\/#website\"},\"datePublished\":\"2020-02-17T09:48:45+00:00\",\"dateModified\":\"2023-04-19T12:15:53+00:00\",\"breadcrumb\":{\"@id\":\"https:\/\/affordanse.fr\/index.php\/association-affordanse\/#breadcrumb\"},\"inLanguage\":\"fr-FR\",\"potentialAction\":[{\"@type\":\"ReadAction\",\"target\":[\"https:\/\/affordanse.fr\/index.php\/association-affordanse\/\"]}]},{\"@type\":\"BreadcrumbList\",\"@id\":\"https:\/\/affordanse.fr\/index.php\/association-affordanse\/#breadcrumb\",\"itemListElement\":[{\"@type\":\"ListItem\",\"position\":1,\"name\":\"Accueil\",\"item\":\"https:\/\/affordanse.fr\/\"},{\"@type\":\"ListItem\",\"position\":2,\"name\":\"L&rsquo;association Affordanse\"}]},{\"@type\":\"WebSite\",\"@id\":\"https:\/\/affordanse.fr\/#website\",\"url\":\"https:\/\/affordanse.fr\/\",\"name\":\"Affordanse\",\"description\":\"Reconstitution danse historique XIXe si\u00e8cle et XXe si\u00e8cle\",\"publisher\":{\"@id\":\"https:\/\/affordanse.fr\/#organization\"},\"potentialAction\":[{\"@type\":\"SearchAction\",\"target\":{\"@type\":\"EntryPoint\",\"urlTemplate\":\"https:\/\/affordanse.fr\/?s={search_term_string}\"},\"query-input\":\"required name=search_term_string\"}],\"inLanguage\":\"fr-FR\"},{\"@type\":\"Organization\",\"@id\":\"https:\/\/affordanse.fr\/#organization\",\"name\":\"Affordanse\",\"url\":\"https:\/\/affordanse.fr\/\",\"logo\":{\"@type\":\"ImageObject\",\"inLanguage\":\"fr-FR\",\"@id\":\"https:\/\/affordanse.fr\/#\/schema\/logo\/image\/\",\"url\":\"http:\/\/affordanse.fr\/wp-content\/uploads\/2020\/02\/cropped-logo-affordanse-HD-transparant-1-e1581943080126.png\",\"contentUrl\":\"http:\/\/affordanse.fr\/wp-content\/uploads\/2020\/02\/cropped-logo-affordanse-HD-transparant-1-e1581943080126.png\",\"width\":300,\"height\":108,\"caption\":\"Affordanse\"},\"image\":{\"@id\":\"https:\/\/affordanse.fr\/#\/schema\/logo\/image\/\"}}]}<\/script>\n<!-- \/ Yoast SEO plugin. -->","yoast_head_json":{"title":"L'association Affordanse - Affordanse","robots":{"index":"index","follow":"follow","max-snippet":"max-snippet:-1","max-image-preview":"max-image-preview:large","max-video-preview":"max-video-preview:-1"},"canonical":"https:\/\/affordanse.fr\/index.php\/association-affordanse\/","og_locale":"fr_FR","og_type":"article","og_title":"L'association Affordanse - Affordanse","og_description":"Une association de reconstitution des danses historiques Affordanse est une association de reconstitution des danses historiques bas\u00e9e dans le nord de la France, \u00e0 Hazebrouck. Sp\u00e9cialis\u00e9s dans la deuxi\u00e8me moiti\u00e9 du XIXe si\u00e8cle et le d\u00e9but du XXe si\u00e8cle, nous faisons revivre au travers de bals et de stages, les danses en vogue dans les [&hellip;]","og_url":"https:\/\/affordanse.fr\/index.php\/association-affordanse\/","og_site_name":"Affordanse","article_modified_time":"2023-04-19T12:15:53+00:00","og_image":[{"url":"http:\/\/affordanse.fr\/wp-content\/uploads\/2020\/02\/cropped-Bruxelles-2018.jpg"}],"twitter_card":"summary_large_image","twitter_misc":{"Dur\u00e9e de lecture estim\u00e9e":"1 minute"},"schema":{"@context":"https:\/\/schema.org","@graph":[{"@type":"WebPage","@id":"https:\/\/affordanse.fr\/index.php\/association-affordanse\/","url":"https:\/\/affordanse.fr\/index.php\/association-affordanse\/","name":"L'association Affordanse - Affordanse","isPartOf":{"@id":"https:\/\/affordanse.fr\/#website"},"datePublished":"2020-02-17T09:48:45+00:00","dateModified":"2023-04-19T12:15:53+00:00","breadcrumb":{"@id":"https:\/\/affordanse.fr\/index.php\/association-affordanse\/#breadcrumb"},"inLanguage":"fr-FR","potentialAction":[{"@type":"ReadAction","target":["https:\/\/affordanse.fr\/index.php\/association-affordanse\/"]}]},{"@type":"BreadcrumbList","@id":"https:\/\/affordanse.fr\/index.php\/association-affordanse\/#breadcrumb","itemListElement":[{"@type":"ListItem","position":1,"name":"Accueil","item":"https:\/\/affordanse.fr\/"},{"@type":"ListItem","position":2,"name":"L&rsquo;association Affordanse"}]},{"@type":"WebSite","@id":"https:\/\/affordanse.fr\/#website","url":"https:\/\/affordanse.fr\/","name":"Affordanse","description":"Reconstitution danse historique XIXe si\u00e8cle et XXe si\u00e8cle","publisher":{"@id":"https:\/\/affordanse.fr\/#organization"},"potentialAction":[{"@type":"SearchAction","target":{"@type":"EntryPoint","urlTemplate":"https:\/\/affordanse.fr\/?s={search_term_string}"},"query-input":"required name=search_term_string"}],"inLanguage":"fr-FR"},{"@type":"Organization","@id":"https:\/\/affordanse.fr\/#organization","name":"Affordanse","url":"https:\/\/affordanse.fr\/","logo":{"@type":"ImageObject","inLanguage":"fr-FR","@id":"https:\/\/affordanse.fr\/#\/schema\/logo\/image\/","url":"http:\/\/affordanse.fr\/wp-content\/uploads\/2020\/02\/cropped-logo-affordanse-HD-transparant-1-e1581943080126.png","contentUrl":"http:\/\/affordanse.fr\/wp-content\/uploads\/2020\/02\/cropped-logo-affordanse-HD-transparant-1-e1581943080126.png","width":300,"height":108,"caption":"Affordanse"},"image":{"@id":"https:\/\/affordanse.fr\/#\/schema\/logo\/image\/"}}]}},"_links":{"self":[{"href":"https:\/\/affordanse.fr\/index.php\/wp-json\/wp\/v2\/pages\/108"}],"collection":[{"href":"https:\/\/affordanse.fr\/index.php\/wp-json\/wp\/v2\/pages"}],"about":[{"href":"https:\/\/affordanse.fr\/index.php\/wp-json\/wp\/v2\/types\/page"}],"author":[{"embeddable":true,"href":"https:\/\/affordanse.fr\/index.php\/wp-json\/wp\/v2\/users\/1"}],"replies":[{"embeddable":true,"href":"https:\/\/affordanse.fr\/index.php\/wp-json\/wp\/v2\/comments?post=108"}],"version-history":[{"count":7,"href":"https:\/\/affordanse.fr\/index.php\/wp-json\/wp\/v2\/pages\/108\/revisions"}],"predecessor-version":[{"id":1187,"href":"https:\/\/affordanse.fr\/index.php\/wp-json\/wp\/v2\/pages\/108\/revisions\/1187"}],"wp:attachment":[{"href":"https:\/\/affordanse.fr\/index.php\/wp-json\/wp\/v2\/media?parent=108"}],"curies":[{"name":"wp","href":"https:\/\/api.w.org\/{rel}","templated":true}]}}